{"id":22027,"date":"2024-11-17T13:42:00","date_gmt":"2024-11-17T12:42:00","guid":{"rendered":"https:\/\/4ever-beautyland.de\/haftungsausschluss\/"},"modified":"2024-11-17T13:45:41","modified_gmt":"2024-11-17T12:45:41","slug":"haftungsausschluss","status":"publish","type":"page","link":"https:\/\/4ever-beautyland.de\/tr\/haftungsausschluss\/","title":{"rendered":"Sorumluluk Reddi"},"content":{"rendered":"\n<h3 class=\"wp-block-heading\">Sorumluluk Reddi<\/h3>\n\n\n\n<p><\/p>\n\n\n\n<p>Bu web sitesinde sunulan t\u00fcm kozmetik ve estetik tedaviler, botoks tedavileri de dahil olmak \u00fczere, yaln\u0131zca nitelikli ve lisansl\u0131 uzmanlar taraf\u0131ndan ger\u00e7ekle\u015ftirilmektedir. Hizmetlerimiz, Almanya&#8217;daki ge\u00e7erli yasal d\u00fczenlemelere ve sa\u011fl\u0131k y\u00f6nergelerine uygundur.<\/p>\n\n\n\n<p>L\u00fctfen bu web sitesinde sa\u011flanan bilgilerin yaln\u0131zca genel bilgilendirme ama\u00e7l\u0131 oldu\u011funu ve profesyonel t\u0131bbi dan\u0131\u015fmanl\u0131k, te\u015fhis veya tedavinin yerine ge\u00e7medi\u011fini unutmay\u0131n.<\/p>\n\n\n\n<p>Estetik tedavilere ba\u015flamadan \u00f6nce nitelikli bir uzman doktordan t\u0131bbi dan\u0131\u015fmanl\u0131k alman\u0131z\u0131 \u00f6nemle tavsiye ederiz. T\u00fcm tedaviler, m\u00fc\u015fterinin kendi sorumlulu\u011fundad\u0131r.<\/p>\n\n\n\n<p>Sunulan bilgilerin eksiksizli\u011fi, do\u011frulu\u011fu veya g\u00fcncelli\u011fi konusunda herhangi bir sorumluluk kabul edilmez.<\/p>\n\n\n\n<p>Bu web sitesi, Google Ads y\u00f6nergelerine uymakta ve yan\u0131lt\u0131c\u0131 bilgiler veya yasaklanm\u0131\u015f t\u0131bbi hizmetlerin yay\u0131lmas\u0131n\u0131 \u00f6nlemektedir.<\/p>\n\n\n\n<p><\/p>\n","protected":false},"excerpt":{"rendered":"<p>Sorumluluk Reddi Bu web sitesinde sunulan t\u00fcm kozmetik ve estetik tedaviler, botoks tedavileri de dahil olmak \u00fczere, yaln\u0131zca nitelikli ve lisansl\u0131 uzmanlar taraf\u0131ndan ger\u00e7ekle\u015ftirilmektedir. Hizmetlerimiz, Almanya&#8217;daki ge\u00e7erli yasal d\u00fczenlemelere ve sa\u011fl\u0131k y\u00f6nergelerine uygundur. L\u00fctfen bu web sitesinde sa\u011flanan bilgilerin yaln\u0131zca genel bilgilendirme ama\u00e7l\u0131 oldu\u011funu ve profesyonel t\u0131bbi dan\u0131\u015fmanl\u0131k, te\u015fhis veya tedavinin yerine ge\u00e7medi\u011fini unutmay\u0131n. Estetik [&hellip;]<\/p>\n","protected":false},"author":11,"featured_media":0,"parent":0,"menu_order":0,"comment_status":"closed","ping_status":"closed","template":"","meta":{"_acf_changed":false,"inline_featured_image":false,"footnotes":""},"class_list":["post-22027","page","type-page","status-publish","hentry"],"acf":[],"_links":{"self":[{"href":"https:\/\/4ever-beautyland.de\/tr\/wp-json\/wp\/v2\/pages\/22027","targetHints":{"allow":["GET"]}}],"collection":[{"href":"https:\/\/4ever-beautyland.de\/tr\/wp-json\/wp\/v2\/pages"}],"about":[{"href":"https:\/\/4ever-beautyland.de\/tr\/wp-json\/wp\/v2\/types\/page"}],"author":[{"embeddable":true,"href":"https:\/\/4ever-beautyland.de\/tr\/wp-json\/wp\/v2\/users\/11"}],"replies":[{"embeddable":true,"href":"https:\/\/4ever-beautyland.de\/tr\/wp-json\/wp\/v2\/comments?post=22027"}],"version-history":[{"count":1,"href":"https:\/\/4ever-beautyland.de\/tr\/wp-json\/wp\/v2\/pages\/22027\/revisions"}],"predecessor-version":[{"id":22030,"href":"https:\/\/4ever-beautyland.de\/tr\/wp-json\/wp\/v2\/pages\/22027\/revisions\/22030"}],"wp:attachment":[{"href":"https:\/\/4ever-beautyland.de\/tr\/wp-json\/wp\/v2\/media?parent=22027"}],"curies":[{"name":"wp","href":"https:\/\/api.w.org\/{rel}","templated":true}]}}