{"id":21433,"date":"2024-05-28T12:00:39","date_gmt":"2024-05-28T12:00:39","guid":{"rendered":"https:\/\/4ever-beautyland.de\/genel-is-kosullari\/"},"modified":"2024-05-28T12:14:23","modified_gmt":"2024-05-28T12:14:23","slug":"genel-is-kosullari","status":"publish","type":"page","link":"https:\/\/4ever-beautyland.de\/tr\/genel-is-kosullari\/","title":{"rendered":"Genel \u0130\u015f Ko\u015fullar\u0131"},"content":{"rendered":"\n<p>Web sitesindeki form arac\u0131l\u0131\u011f\u0131yla veya e-posta yoluyla benimle ileti\u015fime ge\u00e7ti\u011finizde, verdi\u011finiz bilgiler randevu d\u00fczenlemeleri amac\u0131yla DSGVO&#8217;ya (Genel Veri Koruma Y\u00f6netmeli\u011fi) uygun olarak gizlilik politikam\u0131z \u00e7er\u00e7evesinde hasta dosyan\u0131zda saklanacakt\u0131r.&#13;\n&#13;\nKendi \u00e7\u0131kar\u0131n\u0131za, kulland\u0131\u011f\u0131n\u0131z e-posta sa\u011flay\u0131c\u0131s\u0131n\u0131n g\u00fcvenlik ayarlar\u0131n\u0131 kontrol etmenizi \u00f6neririz, \u00e7\u00fcnk\u00fc bunlar \u00fczerinde hi\u00e7bir kontrol\u00fcm\u00fcz yoktur. Veri aktar\u0131m\u0131ndaki hatalar veya yetkisiz eri\u015fimler i\u00e7in sorumluluk kabul etmiyoruz. Gizli bilgileri e-posta yoluyla g\u00f6ndermemenizi rica ederim.&#13;\n&#13;\nMuayenehanemde bekleme s\u00fcrelerini m\u00fcmk\u00fcn oldu\u011funca \u00f6nlemeye veya en az\u0131ndan olabildi\u011fince k\u0131sa tutmaya \u00e7al\u0131\u015f\u0131yorum. Bu nedenle, t\u00fcm hastalar\u0131m\u0131z\u0131n \u00e7\u0131karlar\u0131 do\u011frultusunda randevulara zaman\u0131nda gelmenizi rica ediyorum.&#13;\n&#13;\n\u00d6nceden al\u0131nan bir randevuya gelemeyecekseniz, l\u00fctfen randevuyu en az 48 saat \u00f6nceden (E-POSTA ADRES\u0130) adresine e-posta g\u00f6ndererek iptal ediniz. Zaman\u0131nda iptal edilmemesi durumunda, muayenehanede olu\u015fan maliyetler i\u00e7in \u20ac50,- tutar\u0131nda bir fatura d\u00fczenleme hakk\u0131n\u0131 sakl\u0131 tutuyorum.<\/p>\n","protected":false},"excerpt":{"rendered":"<p>Web sitesindeki form arac\u0131l\u0131\u011f\u0131yla veya e-posta yoluyla benimle ileti\u015fime ge\u00e7ti\u011finizde, verdi\u011finiz bilgiler randevu d\u00fczenlemeleri amac\u0131yla DSGVO&#8217;ya (Genel Veri Koruma Y\u00f6netmeli\u011fi) uygun olarak gizlilik politikam\u0131z \u00e7er\u00e7evesinde hasta dosyan\u0131zda saklanacakt\u0131r.&#13; &#13; Kendi \u00e7\u0131kar\u0131n\u0131za, kulland\u0131\u011f\u0131n\u0131z e-posta sa\u011flay\u0131c\u0131s\u0131n\u0131n g\u00fcvenlik ayarlar\u0131n\u0131 kontrol etmenizi \u00f6neririz, \u00e7\u00fcnk\u00fc bunlar \u00fczerinde hi\u00e7bir kontrol\u00fcm\u00fcz yoktur. Veri aktar\u0131m\u0131ndaki hatalar veya yetkisiz eri\u015fimler i\u00e7in sorumluluk kabul etmiyoruz. [&hellip;]<\/p>\n","protected":false},"author":32,"featured_media":0,"parent":0,"menu_order":0,"comment_status":"closed","ping_status":"closed","template":"","meta":{"_acf_changed":false,"inline_featured_image":false,"footnotes":""},"class_list":["post-21433","page","type-page","status-publish","hentry"],"acf":[],"_links":{"self":[{"href":"https:\/\/4ever-beautyland.de\/tr\/wp-json\/wp\/v2\/pages\/21433","targetHints":{"allow":["GET"]}}],"collection":[{"href":"https:\/\/4ever-beautyland.de\/tr\/wp-json\/wp\/v2\/pages"}],"about":[{"href":"https:\/\/4ever-beautyland.de\/tr\/wp-json\/wp\/v2\/types\/page"}],"author":[{"embeddable":true,"href":"https:\/\/4ever-beautyland.de\/tr\/wp-json\/wp\/v2\/users\/32"}],"replies":[{"embeddable":true,"href":"https:\/\/4ever-beautyland.de\/tr\/wp-json\/wp\/v2\/comments?post=21433"}],"version-history":[{"count":1,"href":"https:\/\/4ever-beautyland.de\/tr\/wp-json\/wp\/v2\/pages\/21433\/revisions"}],"predecessor-version":[{"id":21434,"href":"https:\/\/4ever-beautyland.de\/tr\/wp-json\/wp\/v2\/pages\/21433\/revisions\/21434"}],"wp:attachment":[{"href":"https:\/\/4ever-beautyland.de\/tr\/wp-json\/wp\/v2\/media?parent=21433"}],"curies":[{"name":"wp","href":"https:\/\/api.w.org\/{rel}","templated":true}]}}