{"id":21026,"date":"2021-12-05T06:49:50","date_gmt":"2021-12-05T05:49:50","guid":{"rendered":"https:\/\/4ever-beautyland.de\/hakkimizda\/"},"modified":"2024-09-14T17:12:52","modified_gmt":"2024-09-14T15:12:52","slug":"hakkimizda","status":"publish","type":"page","link":"https:\/\/4ever-beautyland.de\/tr\/hakkimizda\/","title":{"rendered":"Hakk\u0131m\u0131zda"},"content":{"rendered":"\t\t<div data-elementor-type=\"wp-page\" data-elementor-id=\"21026\" class=\"elementor elementor-21026 elementor-2636\" data-elementor-post-type=\"page\">\n\t\t\t\t\t\t<div class=\"elementor-section elementor-top-section elementor-element elementor-element-938ac40 elementor-section-stretched elementor-section-full_width elementor-section-height-full elementor-hidden-desktop elementor-hidden-tablet elementor-hidden-mobile elementor-section-height-default elementor-section-items-middle\" data-id=\"938ac40\" data-element_type=\"section\" data-settings=\"{&quot;stretch_section&quot;:&quot;section-stretched&quot;,&quot;background_background&quot;:&quot;classic&quot;}\">\n\t\t\t\t\t\t\t<div class=\"elementor-background-overlay\"><\/div>\n\t\t\t\t\t\t\t<div class=\"elementor-container elementor-column-gap-default\">\n\t\t\t\t\t<div class=\"elementor-column elementor-col-100 elementor-top-column elementor-element elementor-element-ce01d09\" data-id=\"ce01d09\" data-element_type=\"column\">\n\t\t\t<div class=\"elementor-widget-wrap\">\n\t\t\t\t\t\t\t<\/div>\n\t\t<\/div>\n\t\t\t\t\t<\/div>\n\t\t<\/div>\n\t\t\t\t<div class=\"elementor-section elementor-top-section elementor-element elementor-element-900dc6e elementor-section-stretched elementor-section-boxed elementor-section-height-default elementor-section-height-default\" data-id=\"900dc6e\" data-element_type=\"section\" data-settings=\"{&quot;stretch_section&quot;:&quot;section-stretched&quot;,&quot;background_background&quot;:&quot;classic&quot;}\">\n\t\t\t\t\t\t\t<div class=\"elementor-background-overlay\"><\/div>\n\t\t\t\t\t\t\t<div class=\"elementor-container elementor-column-gap-default\">\n\t\t\t\t\t<div class=\"elementor-column elementor-col-100 elementor-top-column elementor-element elementor-element-73c7227\" data-id=\"73c7227\" data-element_type=\"column\">\n\t\t\t<div class=\"elementor-widget-wrap elementor-element-populated\">\n\t\t\t\t\t\t<div class=\"elementor-element elementor-element-a16d84e elementor-widget elementor-widget-heading\" data-id=\"a16d84e\" data-element_type=\"widget\" data-widget_type=\"heading.default\">\n\t\t\t\t<div class=\"elementor-widget-container\">\n\t\t\t\t\t<h3 class=\"elementor-heading-title elementor-size-default\">4Ever Beauty Land <br>G\u00fczellik Bizimle Ba\u015flar<\/h3>\t\t\t\t<\/div>\n\t\t\t\t<\/div>\n\t\t\t\t<div class=\"elementor-element elementor-element-fdbfe82 elementor-widget elementor-widget-text-editor\" data-id=\"fdbfe82\" data-element_type=\"widget\" data-widget_type=\"text-editor.default\">\n\t\t\t\t<div class=\"elementor-widget-container\">\n\t\t\t\t\t\t\t\t\t<p>Dortmund&#8217;da m\u00fckemmel bir g\u00f6r\u00fcn\u00fcm\u00fcn yan\u0131 s\u0131ra parlak bir g\u00fcl\u00fcmsemeyle her ziyaretinizden sonra ayr\u0131lman\u0131z\u0131 sa\u011flayacak birinci s\u0131n\u0131f bir g\u00fczellik salonu mu ar\u0131yorsunuz? Dortmund&#8217;daki 4Ever Beauty Land&#8217;e ho\u015f geldiniz! Salonumuz, rahatlaman\u0131z\u0131 ve g\u00fcnl\u00fck hayat\u0131n tela\u015f\u0131n\u0131 unutman\u0131z\u0131 sa\u011flayacak bir ortam yarat\u0131yor. Cilt m\u00fckemmelle\u015ftirme tedavisi mi ar\u0131yorsunuz, yoksa profesyonel bir makyaj hizmeti mi istiyorsunuz &#8211; deneyimli g\u00fczellik uzmanlar\u0131m\u0131z, do\u011fal g\u00fczelli\u011finizi vurgulamak i\u00e7in haz\u0131r bekliyorlar. Her tedaviyi tam olarak beklentilerinize uygun hale getirmek i\u00e7in bireysel dan\u0131\u015fmanl\u0131k hizmeti sunuyoruz. Kalite ve m\u00fc\u015fteri memnuniyeti, 4Ever Beauty Land&#8217;de her zaman ilk s\u0131radad\u0131r. Dortmund&#8217;da bizi ziyaret edin ve beklentilerinizi a\u015fan bir g\u00fczellik hizmeti deneyimleyin!<\/p>\n\t\t\t\t\t\t\t\t<\/div>\n\t\t\t\t<\/div>\n\t\t\t\t<div class=\"elementor-element elementor-element-3d84593 elementor-widget elementor-widget-text-editor\" data-id=\"3d84593\" data-element_type=\"widget\" data-widget_type=\"text-editor.default\">\n\t\t\t\t<div class=\"elementor-widget-container\">\n\t\t\t\t\t\t\t\t\t<p>Dortmund&#8217;daki 4Ever Beauty Land&#8217;deki hizmetlerimiz, her m\u00fc\u015fterinin bireysel ihtiya\u00e7lar\u0131na y\u00f6neliktir. P\u00fcr\u00fczs\u00fcz bir cilt ve gen\u00e7 bir g\u00f6r\u00fcn\u00fcm m\u00fc istiyorsunuz, yoksa \u00f6zel bir durum i\u00e7in m\u00fckemmel bir g\u00f6r\u00fcn\u00fcm m\u00fc ar\u0131yorsunuz: Beauty uzmanlar\u0131m\u0131z, her iste\u011fi kar\u015f\u0131lamak i\u00e7in uzmanl\u0131k ve tutkuyla hareket ediyorlar. Profesyonel y\u00fcz bak\u0131mlar\u0131ndan karma\u015f\u0131k makyaj hizmetlerine kadar &#8211; her m\u00fc\u015fterimiz i\u00e7in uygun olan\u0131 sunuyoruz. Bizi ziyaret edin ve do\u011fal g\u00fczelli\u011finizi en y\u00fcksek \u00f6zen ve uzmanl\u0131kla nas\u0131l parlat\u0131yoruz, bunu deneyimleyin!<\/p>\n\t\t\t\t\t\t\t\t<\/div>\n\t\t\t\t<\/div>\n\t\t\t\t\t<\/div>\n\t\t<\/div>\n\t\t\t\t\t<\/div>\n\t\t<\/div>\n\t\t\t\t<div class=\"elementor-section elementor-top-section elementor-element elementor-element-d9c784e elementor-section-full_width elementor-section-stretched elementor-section-height-default elementor-section-height-default\" data-id=\"d9c784e\" data-element_type=\"section\" data-settings=\"{&quot;stretch_section&quot;:&quot;section-stretched&quot;}\">\n\t\t\t\t\t\t<div class=\"elementor-container elementor-column-gap-default\">\n\t\t\t\t\t<div class=\"elementor-column elementor-col-100 elementor-top-column elementor-element elementor-element-eac0764\" data-id=\"eac0764\" data-element_type=\"column\">\n\t\t\t<div class=\"elementor-widget-wrap elementor-element-populated\">\n\t\t\t\t\t\t<div class=\"elementor-section elementor-inner-section elementor-element elementor-element-fa00fd9 elementor-section-boxed elementor-section-height-default elementor-section-height-default\" data-id=\"fa00fd9\" data-element_type=\"section\">\n\t\t\t\t\t\t<div class=\"elementor-container elementor-column-gap-default\">\n\t\t\t\t\t<div class=\"elementor-column elementor-col-100 elementor-inner-column elementor-element elementor-element-1766220\" data-id=\"1766220\" data-element_type=\"column\">\n\t\t\t<div class=\"elementor-widget-wrap elementor-element-populated\">\n\t\t\t\t\t\t<div class=\"elementor-element elementor-element-a71c909 elementor-widget elementor-widget-section-title\" data-id=\"a71c909\" data-element_type=\"widget\" data-widget_type=\"section-title.default\">\n\t\t\t\t<div class=\"elementor-widget-container\">\n\t\t\t\t\t<div class=\"pt-section pt-style-1 text-center\">\r\n\t\t\r\n   \t\t \r\n   \t\t<span class=\"pt-section-sub-title\">4ever Beauty Land Team<\/span>\r\n   \t   \t\t\t   <h5 class=\"pt-section-title\" >Lerne unser Team kennen<\/h5>\r\n\t\t\t\r\n<\/div>\t\t\t\t<\/div>\n\t\t\t\t<\/div>\n\t\t\t\t\t<\/div>\n\t\t<\/div>\n\t\t\t\t\t<\/div>\n\t\t<\/div>\n\t\t\t\t<div class=\"elementor-section elementor-inner-section elementor-element elementor-element-05f1436 elementor-section-boxed elementor-section-height-default elementor-section-height-default\" data-id=\"05f1436\" data-element_type=\"section\">\n\t\t\t\t\t\t<div class=\"elementor-container elementor-column-gap-default\">\n\t\t\t\t\t<div class=\"elementor-column elementor-col-100 elementor-inner-column elementor-element elementor-element-f62658a\" data-id=\"f62658a\" data-element_type=\"column\">\n\t\t\t<div class=\"elementor-widget-wrap elementor-element-populated\">\n\t\t\t\t\t\t<div class=\"elementor-element elementor-element-06f79fe elementor-widget elementor-widget-team\" data-id=\"06f79fe\" data-element_type=\"widget\" data-widget_type=\"team.default\">\n\t\t\t\t<div class=\"elementor-widget-container\">\n\t\t\t\t\t    <div class=\"pt-team pt-team-style-4 \">\r\n     <div class=\"owl-carousel\" data-dots=\"true\" data-nav=\"false\" data-desk_num=\"4\" data-lap_num=\"4\" data-tab_num=\"2\" data-mob_num=\"1\" data-mob_sm=\"1\" data-autoplay=\"true\" data-loop=\"true\" data-margin=\"30\">\r\n                    <div class=\"item\">\r\n                <div class=\"pt-team-box pt-style-4\">\r\n                 <div class=\"pt-team-img\">\r\n                     <img decoding=\"async\" src=\"https:\/\/4ever-beautyland.de\/wp-content\/uploads\/2024\/04\/4ever-Expertin-in-Ernaehrungsberatung-scaled.webp\" alt=\"team-image\">\r\n                     <div class=\"pt-team-info-icon\">\r\n                       <div class=\"pt-team-share-icon\">\r\n                        <i class=\"ion ion-plus-round \"><\/i>\r\n                        <div class=\"pt-team-social\">\r\n                            <ul>\r\n                                                                        <li>\r\n                                            <a class=\"google-plus\" href=\"\" target=\"_blank\">\r\n                                                <span class=\"sr-only\">Google-plus<\/span>\r\n                                                <i class=\"fab fa-google-plus\"><\/i>\r\n                                            <\/a>     <\/li>\r\n                                                                                <li>\r\n                                            <a class=\"google-plus\" href=\"\" target=\"_blank\">\r\n                                                <span class=\"sr-only\">Google-plus<\/span>\r\n                                                <i class=\"fab fa-google-plus\"><\/i>\r\n                                            <\/a>     <\/li>\r\n                                                                            <\/ul>\r\n                                <\/div>\r\n                            <\/div>\r\n                        <\/div>\r\n                    <\/div>\r\n                    <div class=\"pt-team-info\">\r\n                      <h5 class=\"pt-member-name\">\r\n                        <a  >\r\n                            Beslenme Dan\u0131\u015fmanl\u0131\u011f\u0131 Uzman\u0131                        <\/a>\r\n                    <\/h5>\r\n                    <span class=\"pt-team-designation\"><\/span>\r\n                    <span class=\"pt-team-work-since\"><\/span> \r\n                <\/div>\r\n            <\/div>\r\n\r\n        <\/div>\r\n                <div class=\"item\">\r\n                <div class=\"pt-team-box pt-style-4\">\r\n                 <div class=\"pt-team-img\">\r\n                     <img decoding=\"async\" src=\"https:\/\/4ever-beautyland.de\/wp-content\/uploads\/2024\/04\/4ever-Expertin-in-Haarentfernung-scaled.webp\" alt=\"team-image\">\r\n                     <div class=\"pt-team-info-icon\">\r\n                       <div class=\"pt-team-share-icon\">\r\n                        <i class=\"ion ion-plus-round \"><\/i>\r\n                        <div class=\"pt-team-social\">\r\n                            <ul>\r\n                                                                        <li>\r\n                                            <a class=\"facebook\" href=\"\" target=\"_blank\">\r\n                                                <span class=\"sr-only\">Facebook<\/span>\r\n                                                <i class=\"fab fa-facebook\"><\/i>\r\n                                            <\/a>     <\/li>\r\n                                                                                <li>\r\n                                            <a class=\"twitter\" href=\"\" target=\"_blank\">\r\n                                                <span class=\"sr-only\">Twitter<\/span>\r\n                                                <i class=\"fab fa-twitter\"><\/i>\r\n                                            <\/a>     <\/li>\r\n                                                                                <li>\r\n                                            <a class=\"google-plus\" href=\"\" target=\"_blank\">\r\n                                                <span class=\"sr-only\">Google-plus<\/span>\r\n                                                <i class=\"fab fa-google-plus\"><\/i>\r\n                                            <\/a>     <\/li>\r\n                                                                            <\/ul>\r\n                                <\/div>\r\n                            <\/div>\r\n                        <\/div>\r\n                    <\/div>\r\n                    <div class=\"pt-team-info\">\r\n                      <h5 class=\"pt-member-name\">\r\n                        <a  >\r\n                            Epilasyon Uzman\u0131                        <\/a>\r\n                    <\/h5>\r\n                    <span class=\"pt-team-designation\"><\/span>\r\n                    <span class=\"pt-team-work-since\"><\/span> \r\n                <\/div>\r\n            <\/div>\r\n\r\n        <\/div>\r\n                <div class=\"item\">\r\n                <div class=\"pt-team-box pt-style-4\">\r\n                 <div class=\"pt-team-img\">\r\n                     <img decoding=\"async\" src=\"https:\/\/4ever-beautyland.de\/wp-content\/uploads\/2024\/04\/4ever-Salon-Expertin-in-Kosmetik-scaled.webp\" alt=\"team-image\">\r\n                     <div class=\"pt-team-info-icon\">\r\n                       <div class=\"pt-team-share-icon\">\r\n                        <i class=\"ion ion-plus-round \"><\/i>\r\n                        <div class=\"pt-team-social\">\r\n                            <ul>\r\n                                                                        <li>\r\n                                            <a class=\"facebook\" href=\"\" target=\"_blank\">\r\n                                                <span class=\"sr-only\">Facebook<\/span>\r\n                                                <i class=\"fab fa-facebook\"><\/i>\r\n                                            <\/a>     <\/li>\r\n                                                                                <li>\r\n                                            <a class=\"twitter\" href=\"\" target=\"_blank\">\r\n                                                <span class=\"sr-only\">Twitter<\/span>\r\n                                                <i class=\"fab fa-twitter\"><\/i>\r\n                                            <\/a>     <\/li>\r\n                                                                                <li>\r\n                                            <a class=\"google-plus\" href=\"\" target=\"_blank\">\r\n                                                <span class=\"sr-only\">Google-plus<\/span>\r\n                                                <i class=\"fab fa-google-plus\"><\/i>\r\n                                            <\/a>     <\/li>\r\n                                                                            <\/ul>\r\n                                <\/div>\r\n                            <\/div>\r\n                        <\/div>\r\n                    <\/div>\r\n                    <div class=\"pt-team-info\">\r\n                      <h5 class=\"pt-member-name\">\r\n                        <a  >\r\n                            Kozmetik Uzman\u0131                        <\/a>\r\n                    <\/h5>\r\n                    <span class=\"pt-team-designation\"><\/span>\r\n                    <span class=\"pt-team-work-since\"><\/span> \r\n                <\/div>\r\n            <\/div>\r\n\r\n        <\/div>\r\n                <div class=\"item\">\r\n                <div class=\"pt-team-box pt-style-4\">\r\n                 <div class=\"pt-team-img\">\r\n                     <img decoding=\"async\" src=\"https:\/\/4ever-beautyland.de\/wp-content\/uploads\/2024\/04\/Dr.M.B-Alnassar-copy.jpg\" alt=\"team-image\">\r\n                     <div class=\"pt-team-info-icon\">\r\n                       <div class=\"pt-team-share-icon\">\r\n                        <i class=\"ion ion-plus-round \"><\/i>\r\n                        <div class=\"pt-team-social\">\r\n                            <ul>\r\n                                                                        <li>\r\n                                            <a class=\"facebook\" href=\"\" target=\"_blank\">\r\n                                                <span class=\"sr-only\">Facebook<\/span>\r\n                                                <i class=\"fab fa-facebook\"><\/i>\r\n                                            <\/a>     <\/li>\r\n                                                                                <li>\r\n                                            <a class=\"twitter\" href=\"\" target=\"_blank\">\r\n                                                <span class=\"sr-only\">Twitter<\/span>\r\n                                                <i class=\"fab fa-twitter\"><\/i>\r\n                                            <\/a>     <\/li>\r\n                                                                                <li>\r\n                                            <a class=\"google-plus\" href=\"\" target=\"_blank\">\r\n                                                <span class=\"sr-only\">Google-plus<\/span>\r\n                                                <i class=\"fab fa-google-plus\"><\/i>\r\n                                            <\/a>     <\/li>\r\n                                                                            <\/ul>\r\n                                <\/div>\r\n                            <\/div>\r\n                        <\/div>\r\n                    <\/div>\r\n                    <div class=\"pt-team-info\">\r\n                      <h5 class=\"pt-member-name\">\r\n                        <a  >\r\n                            Dr. M.B. Alnassar                        <\/a>\r\n                    <\/h5>\r\n                    <span class=\"pt-team-designation\"><\/span>\r\n                    <span class=\"pt-team-work-since\"><\/span> \r\n                <\/div>\r\n            <\/div>\r\n\r\n        <\/div>\r\n    <\/div>\r\n<\/div>\r\n\r\n\r\n\r\n\r\n\t\t\t\t<\/div>\n\t\t\t\t<\/div>\n\t\t\t\t\t<\/div>\n\t\t<\/div>\n\t\t\t\t\t<\/div>\n\t\t<\/div>\n\t\t\t\t\t<\/div>\n\t\t<\/div>\n\t\t\t\t\t<\/div>\n\t\t<\/div>\n\t\t\t\t<\/div>\n\t\t","protected":false},"excerpt":{"rendered":"<p>4Ever Beauty Land G\u00fczellik Bizimle Ba\u015flar Dortmund&#8217;da m\u00fckemmel bir g\u00f6r\u00fcn\u00fcm\u00fcn yan\u0131 s\u0131ra parlak bir g\u00fcl\u00fcmsemeyle her ziyaretinizden sonra ayr\u0131lman\u0131z\u0131 sa\u011flayacak birinci s\u0131n\u0131f bir g\u00fczellik salonu mu ar\u0131yorsunuz? Dortmund&#8217;daki 4Ever Beauty Land&#8217;e ho\u015f geldiniz! Salonumuz, rahatlaman\u0131z\u0131 ve g\u00fcnl\u00fck hayat\u0131n tela\u015f\u0131n\u0131 unutman\u0131z\u0131 sa\u011flayacak bir ortam yarat\u0131yor. Cilt m\u00fckemmelle\u015ftirme tedavisi mi ar\u0131yorsunuz, yoksa profesyonel bir makyaj hizmeti mi [&hellip;]<\/p>\n","protected":false},"author":32,"featured_media":0,"parent":0,"menu_order":0,"comment_status":"closed","ping_status":"closed","template":"","meta":{"_acf_changed":false,"inline_featured_image":false,"footnotes":""},"class_list":["post-21026","page","type-page","status-publish","hentry"],"acf":[],"_links":{"self":[{"href":"https:\/\/4ever-beautyland.de\/tr\/wp-json\/wp\/v2\/pages\/21026","targetHints":{"allow":["GET"]}}],"collection":[{"href":"https:\/\/4ever-beautyland.de\/tr\/wp-json\/wp\/v2\/pages"}],"about":[{"href":"https:\/\/4ever-beautyland.de\/tr\/wp-json\/wp\/v2\/types\/page"}],"author":[{"embeddable":true,"href":"https:\/\/4ever-beautyland.de\/tr\/wp-json\/wp\/v2\/users\/32"}],"replies":[{"embeddable":true,"href":"https:\/\/4ever-beautyland.de\/tr\/wp-json\/wp\/v2\/comments?post=21026"}],"version-history":[{"count":8,"href":"https:\/\/4ever-beautyland.de\/tr\/wp-json\/wp\/v2\/pages\/21026\/revisions"}],"predecessor-version":[{"id":21637,"href":"https:\/\/4ever-beautyland.de\/tr\/wp-json\/wp\/v2\/pages\/21026\/revisions\/21637"}],"wp:attachment":[{"href":"https:\/\/4ever-beautyland.de\/tr\/wp-json\/wp\/v2\/media?parent=21026"}],"curies":[{"name":"wp","href":"https:\/\/api.w.org\/{rel}","templated":true}]}}