{"id":21022,"date":"2024-04-15T00:23:39","date_gmt":"2024-04-14T22:23:39","guid":{"rendered":"https:\/\/4ever-beautyland.de\/gizlilik-politikasi\/"},"modified":"2024-04-28T22:18:55","modified_gmt":"2024-04-28T22:18:55","slug":"gizlilik-politikasi","status":"publish","type":"page","link":"https:\/\/4ever-beautyland.de\/tr\/gizlilik-politikasi\/","title":{"rendered":"Gizlilik Politikas\u0131"},"content":{"rendered":"\t\t<div data-elementor-type=\"wp-page\" data-elementor-id=\"21022\" class=\"elementor elementor-21022 elementor-20429\" data-elementor-post-type=\"page\">\n\t\t\t\t\t\t<section class=\"elementor-section elementor-top-section elementor-element elementor-element-67f0099c elementor-section-boxed elementor-section-height-default elementor-section-height-default\" data-id=\"67f0099c\" data-element_type=\"section\">\n\t\t\t\t\t\t<div class=\"elementor-container elementor-column-gap-default\">\n\t\t\t\t\t<div class=\"elementor-column elementor-col-100 elementor-top-column elementor-element elementor-element-38bf39e6\" data-id=\"38bf39e6\" data-element_type=\"column\">\n\t\t\t<div class=\"elementor-widget-wrap elementor-element-populated\">\n\t\t\t\t\t\t<div class=\"elementor-element elementor-element-51b7c78 elementor-widget elementor-widget-heading\" data-id=\"51b7c78\" data-element_type=\"widget\" data-widget_type=\"heading.default\">\n\t\t\t\t<div class=\"elementor-widget-container\">\n\t\t\t\t\t<h3 class=\"elementor-heading-title elementor-size-default\">Gizlilik Politikas\u0131<\/h3>\t\t\t\t<\/div>\n\t\t\t\t<\/div>\n\t\t\t\t<div class=\"elementor-element elementor-element-94c7a74 elementor-widget elementor-widget-text-editor\" data-id=\"94c7a74\" data-element_type=\"widget\" data-widget_type=\"text-editor.default\">\n\t\t\t\t<div class=\"elementor-widget-container\">\n\t\t\t\t\t\t\t\t\t<p>Son G\u00fcncelleme: 29.04.2024<\/p>\n<p><strong>4ever Beauty Land<\/strong> olarak, gizlili\u011finizi sayg\u0131yla kar\u015f\u0131l\u0131yor ve bize sa\u011flayabilece\u011finiz ki\u015fisel verilerinizin korunmas\u0131na y\u00f6nelik taahh\u00fctte bulunuyoruz. Bu belge, web sitemizin kullan\u0131c\u0131lar\u0131ndan toplad\u0131\u011f\u0131m\u0131z ki\u015fisel bilgilerin toplanmas\u0131, kullan\u0131lmas\u0131 ve a\u00e7\u0131klanmas\u0131na ili\u015fkin politikalar\u0131m\u0131z\u0131 ve uygulamalar\u0131m\u0131z\u0131 a\u00e7\u0131klar.<\/p>\n<p><strong>1. Toplad\u0131\u011f\u0131m\u0131z Bilgiler<\/strong><\/p>\n<p>Kullan\u0131c\u0131lardan \u00e7e\u015fitli ki\u015fisel bilgileri, web sitemizi ziyaret ettiklerinde, web sitemize kaydolduklar\u0131nda, bir form doldurduklar\u0131nda ve web sitemizde sundu\u011fumuz di\u011fer faaliyetler, hizmetler, \u00f6zellikler veya kaynaklarla ilgili olarak toplayabiliriz. Kullan\u0131c\u0131lar ad, e-posta adresi, posta adresi, telefon numaras\u0131 gibi bilgileri vermekle y\u00fck\u00fcml\u00fc olabilirler.<\/p>\n<p><strong>2. Toplad\u0131\u011f\u0131m\u0131z Bilgileri Nas\u0131l Kullan\u0131yoruz<\/strong><\/p>\n<p><b>4ever Beauty Land<\/b>, ki\u015fisel bilgileri a\u015fa\u011f\u0131daki ama\u00e7larla kullan\u0131r:<\/p>\n<ul>\n<li>M\u00fc\u015fteri hizmetlerini iyile\u015ftirme<\/li>\n<li>Kullan\u0131c\u0131 deneyimini ki\u015fiselle\u015ftirme<\/li>\n<li>Web sitemizi iyile\u015ftirme<\/li>\n<li>\u0130\u015flemleri ger\u00e7ekle\u015ftirme<\/li>\n<li>D\u00fczenli e-postalar g\u00f6nderme<\/li>\n<\/ul>\n<p><strong>3. Bilgilerinizi Nas\u0131l Koruyoruz<\/strong><br \/>\nToplanan verilerin toplanmas\u0131, depolanmas\u0131 ve i\u015flenmesi i\u00e7in yetkisiz eri\u015fimi, de\u011fi\u015fikli\u011fi, if\u015fas\u0131n\u0131 veya ki\u015fisel bilgilerinizi, kullan\u0131c\u0131 adlar\u0131n\u0131z\u0131, \u015fifrelerinizi, web sitemizde saklanan i\u015flem bilgilerini ve verilerinizi korumak i\u00e7in uygun g\u00fcvenlik \u00f6nlemleri al\u0131yoruz.<\/p>\n<p><strong>4. Ki\u015fisel Bilgilerinizin Payla\u015f\u0131m\u0131<\/strong><\/p>\n<p>Ki\u015fisel bilgileri \u00fc\u00e7\u00fcnc\u00fc taraflara satm\u0131yor, ticaretini yapm\u0131yor veya kiralam\u0131yoruz. Yukar\u0131daki ama\u00e7lar i\u00e7in ki\u015fisel bilgilerle ili\u015fkilendirilmemi\u015f genel demografik bilgileri, i\u015f ortaklar\u0131m\u0131zla, g\u00fcvenilir ortaklar\u0131m\u0131zla ve reklamverenlerle payla\u015fabiliriz.<\/p>\n<p><strong>5. Bu Gizlilik Politikas\u0131n\u0131n De\u011fi\u015fiklikleri<\/strong><\/p>\n<p>Bu politikay\u0131 zaman zaman yasalar\u0131m\u0131zda veya ba\u015fka nedenlerle yap\u0131lacak de\u011fi\u015fiklikleri yans\u0131tmak i\u00e7in g\u00fcncelleyebiliriz. Kullan\u0131c\u0131lar\u0131, bizim taraf\u0131m\u0131zdan toplanan ki\u015fisel bilgilerin korunmas\u0131 hakk\u0131nda bilgi sahibi olmalar\u0131 i\u00e7in bu sayfay\u0131 d\u00fczenli olarak kontrol etmeleri konusunda te\u015fvik ediyoruz.<\/p>\n\t\t\t\t\t\t\t\t<\/div>\n\t\t\t\t<\/div>\n\t\t\t\t\t<\/div>\n\t\t<\/div>\n\t\t\t\t\t<\/div>\n\t\t<\/section>\n\t\t\t\t<\/div>\n\t\t","protected":false},"excerpt":{"rendered":"<p>Gizlilik Politikas\u0131 Son G\u00fcncelleme: 29.04.2024 4ever Beauty Land olarak, gizlili\u011finizi sayg\u0131yla kar\u015f\u0131l\u0131yor ve bize sa\u011flayabilece\u011finiz ki\u015fisel verilerinizin korunmas\u0131na y\u00f6nelik taahh\u00fctte bulunuyoruz. Bu belge, web sitemizin kullan\u0131c\u0131lar\u0131ndan toplad\u0131\u011f\u0131m\u0131z ki\u015fisel bilgilerin toplanmas\u0131, kullan\u0131lmas\u0131 ve a\u00e7\u0131klanmas\u0131na ili\u015fkin politikalar\u0131m\u0131z\u0131 ve uygulamalar\u0131m\u0131z\u0131 a\u00e7\u0131klar. 1. Toplad\u0131\u011f\u0131m\u0131z Bilgiler Kullan\u0131c\u0131lardan \u00e7e\u015fitli ki\u015fisel bilgileri, web sitemizi ziyaret ettiklerinde, web sitemize kaydolduklar\u0131nda, bir form doldurduklar\u0131nda [&hellip;]<\/p>\n","protected":false},"author":32,"featured_media":0,"parent":0,"menu_order":0,"comment_status":"closed","ping_status":"closed","template":"","meta":{"_acf_changed":false,"inline_featured_image":false,"footnotes":""},"class_list":["post-21022","page","type-page","status-publish","hentry"],"acf":[],"_links":{"self":[{"href":"https:\/\/4ever-beautyland.de\/tr\/wp-json\/wp\/v2\/pages\/21022","targetHints":{"allow":["GET"]}}],"collection":[{"href":"https:\/\/4ever-beautyland.de\/tr\/wp-json\/wp\/v2\/pages"}],"about":[{"href":"https:\/\/4ever-beautyland.de\/tr\/wp-json\/wp\/v2\/types\/page"}],"author":[{"embeddable":true,"href":"https:\/\/4ever-beautyland.de\/tr\/wp-json\/wp\/v2\/users\/32"}],"replies":[{"embeddable":true,"href":"https:\/\/4ever-beautyland.de\/tr\/wp-json\/wp\/v2\/comments?post=21022"}],"version-history":[{"count":2,"href":"https:\/\/4ever-beautyland.de\/tr\/wp-json\/wp\/v2\/pages\/21022\/revisions"}],"predecessor-version":[{"id":21024,"href":"https:\/\/4ever-beautyland.de\/tr\/wp-json\/wp\/v2\/pages\/21022\/revisions\/21024"}],"wp:attachment":[{"href":"https:\/\/4ever-beautyland.de\/tr\/wp-json\/wp\/v2\/media?parent=21022"}],"curies":[{"name":"wp","href":"https:\/\/api.w.org\/{rel}","templated":true}]}}