{"id":21019,"date":"2024-04-11T22:53:27","date_gmt":"2024-04-11T20:53:27","guid":{"rendered":"https:\/\/4ever-beautyland.de\/kuenye\/"},"modified":"2024-04-28T22:12:50","modified_gmt":"2024-04-28T22:12:50","slug":"kuenye","status":"publish","type":"page","link":"https:\/\/4ever-beautyland.de\/tr\/kuenye\/","title":{"rendered":"K\u00fcnye"},"content":{"rendered":"\t\t<div data-elementor-type=\"wp-page\" data-elementor-id=\"21019\" class=\"elementor elementor-21019 elementor-19767\" data-elementor-post-type=\"page\">\n\t\t\t\t\t\t<div class=\"elementor-section elementor-top-section elementor-element elementor-element-eb71735 elementor-section-stretched elementor-section-boxed elementor-section-height-default elementor-section-height-default\" data-id=\"eb71735\" data-element_type=\"section\" data-settings=\"{&quot;stretch_section&quot;:&quot;section-stretched&quot;,&quot;background_background&quot;:&quot;classic&quot;}\">\n\t\t\t\t\t\t\t<div class=\"elementor-background-overlay\"><\/div>\n\t\t\t\t\t\t\t<div class=\"elementor-container elementor-column-gap-default\">\n\t\t\t\t\t<div class=\"elementor-column elementor-col-50 elementor-top-column elementor-element elementor-element-9f0571b\" data-id=\"9f0571b\" data-element_type=\"column\">\n\t\t\t<div class=\"elementor-widget-wrap elementor-element-populated\">\n\t\t\t\t\t\t<div class=\"elementor-element elementor-element-8a43e82 elementor-hidden-desktop elementor-widget elementor-widget-team\" data-id=\"8a43e82\" data-element_type=\"widget\" data-widget_type=\"team.default\">\n\t\t\t\t<div class=\"elementor-widget-container\">\n\t\t\t\t\t    <div class=\"pt-team pt-team-style-1 \">\r\n                    <div class=\"pt-team-box pt-style-1\">\r\n                <div class=\"pt-team-img\">\r\n                    <img decoding=\"async\" src=\"https:\/\/4ever-beautyland.de\/wp-content\/uploads\/2024\/04\/4ever-salon-CEO-Mr.Ragheb-Saad-e1713460613233.jpeg\" alt=\"team-image\">\r\n                    <div class=\"pt-team-social\">\r\n                        <ul>\r\n                                                            <li>\r\n                                    <a class=\"whatsapp\" href=\"https:\/\/wa.me\/4917670081348\" target=\"_blank\" rel=\"noopener\">\r\n                                        <span class=\"sr-only\">Whatsapp<\/span>\r\n                                        <i class=\"fab fa-whatsapp\"><\/i>\r\n                                    <\/a>     <\/li>\r\n                                                                <li>\r\n                                    <a class=\"wordpress\" href=\"https:\/\/4ever-services.de\/\" target=\"_blank\" rel=\"noopener\">\r\n                                        <span class=\"sr-only\">WordPress<\/span>\r\n                                        <i class=\"fab fa-wordpress\"><\/i>\r\n                                    <\/a>     <\/li>\r\n                                                                <li>\r\n                                    <a class=\"google-plus\" href=\"mailto:R.Saad@4ever-services.de\" target=\"_blank\">\r\n                                        <span class=\"sr-only\">Google-plus<\/span>\r\n                                        <i class=\"fab fa-google-plus\"><\/i>\r\n                                    <\/a>     <\/li>\r\n                                                            <\/ul>\r\n                        <\/div>\r\n                    <\/div>\r\n                    <div class=\"pt-team-info\">\r\n                     <h5 class=\"pt-member-name\">\r\n                        <a  >\r\n                        Ragheb Saad<\/a>\r\n                    <\/h5>\r\n                     <span class=\"pt-team-designation\">Inhaber &amp; Gesch\u00e4ftsf\u00fchrer<\/span>\r\n                 <\/div>\r\n             <\/div>\r\n     <\/div>\r\n\t\t\t\t<\/div>\n\t\t\t\t<\/div>\n\t\t\t\t<div class=\"elementor-element elementor-element-332b562 elementor-widget elementor-widget-heading\" data-id=\"332b562\" data-element_type=\"widget\" data-widget_type=\"heading.default\">\n\t\t\t\t<div class=\"elementor-widget-container\">\n\t\t\t\t\t<h2 class=\"elementor-heading-title elementor-size-default\">4ever Beauty Land Hakk\u0131nda Her \u015eey<\/h2>\t\t\t\t<\/div>\n\t\t\t\t<\/div>\n\t\t\t\t<div class=\"elementor-element elementor-element-00aaf75 elementor-widget elementor-widget-text-editor\" data-id=\"00aaf75\" data-element_type=\"widget\" data-widget_type=\"text-editor.default\">\n\t\t\t\t<div class=\"elementor-widget-container\">\n\t\t\t\t\t\t\t\t\t<p>TMG&#8217;ye (Telemediengesetz) g\u00f6re bilgiler:<\/p>\n<p><strong>Firma:<\/strong> 4Ever Services GmbH<\/p>\n<p><strong>Firmas\u0131n\u0131n Kay\u0131tl\u0131 Adresi:<\/strong><br \/>\n4Ever Services GmbH<br \/>\nHugo-Sickmann-Str . 28<br \/>\n44229 Dortmund<\/p>\n<p><strong>\u0130\u015fyeri Adresi:<\/strong><br \/>\n4Ever Beauty Land<br \/>\nSchwanenwall 8-10<br \/>\n44135 Dortmund<\/p>\n<p><strong>\u0130leti\u015fim<\/strong><\/p>\n<p><strong>Web Sitesi:<\/strong> <a href=\"https:\/\/4ever-beautyland.de\/tr\/\">4ever-beautyland.de<\/a>, <a href=\"https:\/\/4ever-services.de\/\" target=\"_blank\" rel=\"noopener\">www.4ever-services.de<\/a><\/p>\n<p><strong>Telefon:<\/strong> +49 231 22382585<br \/>\n<strong>E-Posta:<\/strong> info@4ever-beautyland.de<\/p>\n<p><strong>Sahip &#038; Genel M\u00fcd\u00fcr<\/strong><br \/>\nHerr Ragheb Saad<\/p>\n<p><strong>Kay\u0131t Bilgileri:<\/strong><br \/>\nTicaret Siciline Kay\u0131tl\u0131d\u0131r.<\/p>\n<p><strong>Ticaret Sicil Mahkemesi:<\/strong> Amtsgericht Dortmund<br \/>\n<strong>Sicil Numaras\u0131:<\/strong> HRB 35459<\/p>\n<p><strong>Vergi Numaras\u0131:<\/strong> 315\/5737\/0569<br \/>\n<strong>KDV Kimlik Numaras\u0131:<\/strong> DE363245915<\/p>\n\t\t\t\t\t\t\t\t<\/div>\n\t\t\t\t<\/div>\n\t\t\t\t<div class=\"elementor-element elementor-element-d9231dd elementor-widget elementor-widget-heading\" data-id=\"d9231dd\" data-element_type=\"widget\" data-widget_type=\"heading.default\">\n\t\t\t\t<div class=\"elementor-widget-container\">\n\t\t\t\t\t<h2 class=\"elementor-heading-title elementor-size-default\">Sorumluluk Reddi<\/h2>\t\t\t\t<\/div>\n\t\t\t\t<\/div>\n\t\t\t\t<div class=\"elementor-element elementor-element-3afd99c elementor-widget elementor-widget-text-editor\" data-id=\"3afd99c\" data-element_type=\"widget\" data-widget_type=\"text-editor.default\">\n\t\t\t\t<div class=\"elementor-widget-container\">\n\t\t\t\t\t\t\t\t\t<p><strong>\u0130\u00e7erikten Sorumluluk<\/strong><br \/>\nSayfalar\u0131m\u0131z\u0131n i\u00e7eri\u011fi en b\u00fcy\u00fck \u00f6zenle haz\u0131rlanm\u0131\u015ft\u0131r. Ancak i\u00e7eri\u011fin do\u011frulu\u011fu, eksiksizli\u011fi ve g\u00fcncelli\u011fi konusunda herhangi bir garanti veremeyiz. Biz, bir hizmet sa\u011flay\u0131c\u0131 olarak, bu sayfalardaki kendi i\u00e7eriklerimizden genel yasalara g\u00f6re sorumluyuz (TMG Madde 7, Paragraf 1). Ancak, TMG&#8217;nin 8. ve 10. maddelerine g\u00f6re, iletilen veya depolanan yabanc\u0131 bilgileri izlemek veya hukuka ayk\u0131r\u0131 bir faaliyetin i\u015faretlerini ara\u015ft\u0131rmakla y\u00fck\u00fcml\u00fc de\u011filiz. Genel yasalara g\u00f6re bilgi kullan\u0131m\u0131n\u0131n kald\u0131r\u0131lmas\u0131 veya engellenmesiyle ilgili y\u00fck\u00fcml\u00fcl\u00fcklerden etkilenmemektedir. Ancak, bir hukuka ayk\u0131r\u0131l\u0131\u011f\u0131n fark edildi\u011fi zamandan itibaren bu t\u00fcr bir sorumluluk m\u00fcmk\u00fcnd\u00fcr. Bu t\u00fcr bir hukuka ayk\u0131r\u0131l\u0131\u011f\u0131n fark\u0131na var\u0131lmas\u0131 durumunda, ilgili i\u00e7erikleri derhal kald\u0131raca\u011f\u0131z.<\/p>\n<p><strong>Ba\u011flant\u0131lar \u0130\u00e7in Sorumluluk<\/strong><br \/>\nHizmetlerimiz, \u00fc\u00e7\u00fcnc\u00fc taraf web sitelerine ba\u011flant\u0131lar i\u00e7erebilir; ancak bu ba\u011flant\u0131lar\u0131n i\u00e7eri\u011fi \u00fczerinde kontrol\u00fcm\u00fcz yoktur. Bu nedenle, bu yabanc\u0131 i\u00e7erikler i\u00e7in herhangi bir garanti veremeyiz. Ba\u011flant\u0131 verilen sayfalar\u0131n i\u00e7eri\u011fi daima ilgili sa\u011flay\u0131c\u0131 veya i\u015fletmeci taraf\u0131ndan sorumludur. Ba\u011flant\u0131 verildi\u011fi zaman, hukuka ayk\u0131r\u0131 i\u00e7erikler tespit edilememi\u015ftir. Ancak, belirli bir hukuka ayk\u0131r\u0131l\u0131k belirtisi olmadan, ba\u011flant\u0131l\u0131 sayfalar\u0131n i\u00e7eri\u011fini s\u00fcrekli olarak kontrol etmek makul de\u011fildir. Bir hukuka ayk\u0131r\u0131l\u0131\u011f\u0131n fark\u0131na var\u0131lmas\u0131 durumunda, bu t\u00fcr ba\u011flant\u0131lar\u0131 derhal kald\u0131raca\u011f\u0131z.<\/p>\n<p><strong>Telif Hakk\u0131<\/strong><br \/>\nBu sayfalardaki sayfa i\u015fletenler taraf\u0131ndan olu\u015fturulan i\u00e7erikler ve eserler Alman telif hukukuna tabidir. \u00c7o\u011faltma, d\u00fczenleme, da\u011f\u0131t\u0131m ve telif hakk\u0131 d\u0131\u015f\u0131ndaki her t\u00fcrl\u00fc kullan\u0131m, ilgili yazar\u0131n veya olu\u015fturucunun yaz\u0131l\u0131 iznine tabidir. Bu sayfan\u0131n indirilmesi ve kopyalanmas\u0131 yaln\u0131zca \u00f6zel, ticari olmayan kullan\u0131m i\u00e7in izinlidir. Bu sayfan\u0131n i\u00e7eri\u011fi i\u015fleten taraf\u0131ndan olu\u015fturulmad\u0131ysa, \u00fc\u00e7\u00fcnc\u00fc taraflar\u0131n telif haklar\u0131 g\u00f6z \u00f6n\u00fcnde bulundurulur. \u00d6zellikle \u00fc\u00e7\u00fcnc\u00fc taraflara ait i\u00e7erikler bu \u015fekilde i\u015faretlenmi\u015ftir. Ancak, bir telif hakk\u0131 ihlali fark edilirse, l\u00fctfen bize bildirin. Bir hukuka ayk\u0131r\u0131l\u0131\u011f\u0131n fark\u0131na var\u0131lmas\u0131 durumunda, bu t\u00fcr i\u00e7erikleri derhal kald\u0131raca\u011f\u0131z.<\/p>\n\t\t\t\t\t\t\t\t<\/div>\n\t\t\t\t<\/div>\n\t\t\t\t\t<\/div>\n\t\t<\/div>\n\t\t\t\t<div class=\"elementor-column elementor-col-50 elementor-top-column elementor-element elementor-element-9c10c37 elementor-hidden-tablet elementor-hidden-mobile\" data-id=\"9c10c37\" data-element_type=\"column\">\n\t\t\t<div class=\"elementor-widget-wrap elementor-element-populated\">\n\t\t\t\t\t\t<div class=\"elementor-element elementor-element-1642492 elementor-widget elementor-widget-team\" data-id=\"1642492\" data-element_type=\"widget\" data-widget_type=\"team.default\">\n\t\t\t\t<div class=\"elementor-widget-container\">\n\t\t\t\t\t    <div class=\"pt-team pt-team-style-1 \">\r\n                    <div class=\"pt-team-box pt-style-1\">\r\n                <div class=\"pt-team-img\">\r\n                    <img decoding=\"async\" src=\"https:\/\/4ever-beautyland.de\/wp-content\/uploads\/2024\/04\/4ever-salon-CEO-Mr.Ragheb-Saad-e1713460613233.jpeg\" alt=\"team-image\">\r\n                    <div class=\"pt-team-social\">\r\n                        <ul>\r\n                                                            <li>\r\n                                    <a class=\"whatsapp\" href=\"https:\/\/wa.me\/4917670081348\" target=\"_blank\" rel=\"noopener\">\r\n                                        <span class=\"sr-only\">Whatsapp<\/span>\r\n                                        <i class=\"fab fa-whatsapp\"><\/i>\r\n                                    <\/a>     <\/li>\r\n                                                                <li>\r\n                                    <a class=\"wordpress\" href=\"https:\/\/4ever-services.de\/\" target=\"_blank\" rel=\"noopener\">\r\n                                        <span class=\"sr-only\">WordPress<\/span>\r\n                                        <i class=\"fab fa-wordpress\"><\/i>\r\n                                    <\/a>     <\/li>\r\n                                                                <li>\r\n                                    <a class=\"google-plus\" href=\"mailto:R.Saad@4ever-services.de\" target=\"_blank\">\r\n                                        <span class=\"sr-only\">Google-plus<\/span>\r\n                                        <i class=\"fab fa-google-plus\"><\/i>\r\n                                    <\/a>     <\/li>\r\n                                                            <\/ul>\r\n                        <\/div>\r\n                    <\/div>\r\n                    <div class=\"pt-team-info\">\r\n                     <h5 class=\"pt-member-name\">\r\n                        <a  >\r\n                        Ragheb Saad<\/a>\r\n                    <\/h5>\r\n                     <span class=\"pt-team-designation\">Inhaber &amp; Gesch\u00e4ftsf\u00fchrer<\/span>\r\n                 <\/div>\r\n             <\/div>\r\n     <\/div>\r\n\t\t\t\t<\/div>\n\t\t\t\t<\/div>\n\t\t\t\t\t<\/div>\n\t\t<\/div>\n\t\t\t\t\t<\/div>\n\t\t<\/div>\n\t\t\t\t<\/div>\n\t\t","protected":false},"excerpt":{"rendered":"<p>Whatsapp WordPress Google-plus Ragheb Saad Inhaber &amp; Gesch\u00e4ftsf\u00fchrer 4ever Beauty Land Hakk\u0131nda Her \u015eey TMG&#8217;ye (Telemediengesetz) g\u00f6re bilgiler: Firma: 4Ever Services GmbH Firmas\u0131n\u0131n Kay\u0131tl\u0131 Adresi: 4Ever Services GmbH Hugo-Sickmann-Str . 28 44229 Dortmund \u0130\u015fyeri Adresi: 4Ever Beauty Land Schwanenwall 8-10 44135 Dortmund \u0130leti\u015fim Web Sitesi: 4ever-beautyland.de, www.4ever-services.de Telefon: +49 231 22382585 E-Posta: info@4ever-beautyland.de Sahip &#038; [&hellip;]<\/p>\n","protected":false},"author":32,"featured_media":0,"parent":0,"menu_order":0,"comment_status":"closed","ping_status":"closed","template":"","meta":{"_acf_changed":false,"inline_featured_image":false,"footnotes":""},"class_list":["post-21019","page","type-page","status-publish","hentry"],"acf":[],"_links":{"self":[{"href":"https:\/\/4ever-beautyland.de\/tr\/wp-json\/wp\/v2\/pages\/21019","targetHints":{"allow":["GET"]}}],"collection":[{"href":"https:\/\/4ever-beautyland.de\/tr\/wp-json\/wp\/v2\/pages"}],"about":[{"href":"https:\/\/4ever-beautyland.de\/tr\/wp-json\/wp\/v2\/types\/page"}],"author":[{"embeddable":true,"href":"https:\/\/4ever-beautyland.de\/tr\/wp-json\/wp\/v2\/users\/32"}],"replies":[{"embeddable":true,"href":"https:\/\/4ever-beautyland.de\/tr\/wp-json\/wp\/v2\/comments?post=21019"}],"version-history":[{"count":2,"href":"https:\/\/4ever-beautyland.de\/tr\/wp-json\/wp\/v2\/pages\/21019\/revisions"}],"predecessor-version":[{"id":21021,"href":"https:\/\/4ever-beautyland.de\/tr\/wp-json\/wp\/v2\/pages\/21019\/revisions\/21021"}],"wp:attachment":[{"href":"https:\/\/4ever-beautyland.de\/tr\/wp-json\/wp\/v2\/media?parent=21019"}],"curies":[{"name":"wp","href":"https:\/\/api.w.org\/{rel}","templated":true}]}}