{"id":21777,"date":"2021-12-09T06:07:43","date_gmt":"2021-12-09T05:07:43","guid":{"rendered":"https:\/\/4ever-beautyland.de\/augenbrauen-tattoo\/"},"modified":"2024-10-07T17:27:23","modified_gmt":"2024-10-07T15:27:23","slug":"augenbrauen-tattoo","status":"publish","type":"page","link":"https:\/\/4ever-beautyland.de\/ar\/augenbrauen-tattoo\/","title":{"rendered":"\u062a\u0627\u062a\u0648 \u0627\u0644\u062d\u0648\u0627\u062c\u0628"},"content":{"rendered":"\t\t<div data-elementor-type=\"wp-page\" data-elementor-id=\"21777\" class=\"elementor elementor-21777 elementor-3478\" data-elementor-post-type=\"page\">\n\t\t\t\t<div class=\"elementor-element elementor-element-f3dfe7c e-flex e-con-boxed e-con e-parent\" data-id=\"f3dfe7c\" data-element_type=\"container\">\n\t\t\t\t\t<div class=\"e-con-inner\">\n\t\t<div class=\"elementor-element elementor-element-153709b e-flex e-con-boxed e-con e-child\" data-id=\"153709b\" data-element_type=\"container\">\n\t\t\t\t\t<div class=\"e-con-inner\">\n\t\t\t\t<div class=\"elementor-element elementor-element-2985f99 elementor-align-center elementor-widget elementor-widget-lottie\" data-id=\"2985f99\" data-element_type=\"widget\" data-settings=\"{&quot;source_json&quot;:{&quot;url&quot;:&quot;https:\\\/\\\/4ever-beautyland.de\\\/wp-content\\\/uploads\\\/2024\\\/04\\\/coming-soon.json&quot;,&quot;id&quot;:19974,&quot;size&quot;:&quot;&quot;,&quot;alt&quot;:&quot;&quot;,&quot;source&quot;:&quot;library&quot;},&quot;loop&quot;:&quot;yes&quot;,&quot;play_speed&quot;:{&quot;unit&quot;:&quot;px&quot;,&quot;size&quot;:2,&quot;sizes&quot;:[]},&quot;source&quot;:&quot;media_file&quot;,&quot;caption_source&quot;:&quot;none&quot;,&quot;link_to&quot;:&quot;none&quot;,&quot;trigger&quot;:&quot;arriving_to_viewport&quot;,&quot;viewport&quot;:{&quot;unit&quot;:&quot;%&quot;,&quot;size&quot;:&quot;&quot;,&quot;sizes&quot;:{&quot;start&quot;:0,&quot;end&quot;:100}},&quot;start_point&quot;:{&quot;unit&quot;:&quot;%&quot;,&quot;size&quot;:0,&quot;sizes&quot;:[]},&quot;end_point&quot;:{&quot;unit&quot;:&quot;%&quot;,&quot;size&quot;:100,&quot;sizes&quot;:[]},&quot;renderer&quot;:&quot;svg&quot;}\" data-widget_type=\"lottie.default\">\n\t\t\t\t<div class=\"elementor-widget-container\">\n\t\t\t\t\t<div class=\"e-lottie__container\"><div class=\"e-lottie__animation\"><\/div><\/div>\t\t\t\t<\/div>\n\t\t\t\t<\/div>\n\t\t\t\t<div class=\"elementor-element elementor-element-8aeee16 elementor-widget elementor-widget-Button\" data-id=\"8aeee16\" data-element_type=\"widget\" data-widget_type=\"Button.default\">\n\t\t\t\t<div class=\"elementor-widget-container\">\n\t\t\t\t\t\r\n\r\n  <div class=\"pt-btn-container\">\r\n        <a class=\"pt-button pt-button-flat\">\r\n          <div class=\"pt-button-block\">\r\n          <span class=\"pt-button-text\">\u0627\u0644\u0639\u0648\u062f\u0629 \u0625\u0644\u0649 \u0627\u0644\u0635\u0641\u062d\u0629 \u0627\u0644\u0631\u0626\u064a\u0633\u064a\u0629<\/span>\r\n            <i class=\"ion ion-plus-round\"><\/i>\r\n          <\/div>\r\n        <\/a>\r\n  <\/div>\r\n\r\n\t\t\t\t<\/div>\n\t\t\t\t<\/div>\n\t\t\t\t\t<\/div>\n\t\t\t\t<\/div>\n\t\t\t\t\t<\/div>\n\t\t\t\t<\/div>\n\t\t\t\t<div class=\"elementor-section elementor-top-section elementor-element elementor-element-99b43c3 elementor-section-full_width elementor-section-stretched elementor-hidden-desktop elementor-hidden-tablet elementor-hidden-mobile elementor-section-height-default elementor-section-height-default\" data-id=\"99b43c3\" data-element_type=\"section\" data-settings=\"{&quot;stretch_section&quot;:&quot;section-stretched&quot;,&quot;background_background&quot;:&quot;classic&quot;}\">\n\t\t\t\t\t\t\t<div class=\"elementor-background-overlay\"><\/div>\n\t\t\t\t\t\t\t<div class=\"elementor-container elementor-column-gap-default\">\n\t\t\t\t\t<div class=\"elementor-column elementor-col-100 elementor-top-column elementor-element elementor-element-cb20dce\" data-id=\"cb20dce\" data-element_type=\"column\">\n\t\t\t<div class=\"elementor-widget-wrap elementor-element-populated\">\n\t\t\t\t\t\t<div class=\"elementor-section elementor-inner-section elementor-element elementor-element-844111a elementor-section-boxed elementor-section-height-default elementor-section-height-default\" data-id=\"844111a\" data-element_type=\"section\">\n\t\t\t\t\t\t<div class=\"elementor-container elementor-column-gap-default\">\n\t\t\t\t\t<div class=\"elementor-column elementor-col-100 elementor-inner-column elementor-element elementor-element-265032d\" data-id=\"265032d\" data-element_type=\"column\">\n\t\t\t<div class=\"elementor-widget-wrap elementor-element-populated\">\n\t\t\t\t\t\t<div class=\"elementor-element elementor-element-692bab9 elementor-widget elementor-widget-section-title\" data-id=\"692bab9\" data-element_type=\"widget\" data-widget_type=\"section-title.default\">\n\t\t\t\t<div class=\"elementor-widget-container\">\n\t\t\t\t\t<div class=\"pt-section pt-style-1 text-center\">\r\n\t\t\r\n   \t\t \r\n   \t\t<span class=\"pt-section-sub-title\">Botox-Behandlung<\/span>\r\n   \t   \t\t\t   <h5 class=\"pt-section-title\" >Jung und strahlend ohne Falten<\/h5>\r\n\t\t\t\r\n<\/div>\t\t\t\t<\/div>\n\t\t\t\t<\/div>\n\t\t\t\t<div class=\"elementor-element elementor-element-0047329 elementor-hidden-desktop elementor-widget elementor-widget-image\" data-id=\"0047329\" data-element_type=\"widget\" data-widget_type=\"image.default\">\n\t\t\t\t<div class=\"elementor-widget-container\">\n\t\t\t\t\t\t\t\t\t\t\t\t\t\t\t<img fetchpriority=\"high\" decoding=\"async\" width=\"525\" height=\"350\" src=\"https:\/\/4ever-beautyland.de\/wp-content\/uploads\/2024\/02\/beautiful-young-woman-getting-botox-cosmetic-injection-her-face-1024x683.jpg\" class=\"attachment-large size-large wp-image-17264\" alt=\"\" srcset=\"https:\/\/4ever-beautyland.de\/wp-content\/uploads\/2024\/02\/beautiful-young-woman-getting-botox-cosmetic-injection-her-face-1024x683.jpg 1024w, https:\/\/4ever-beautyland.de\/wp-content\/uploads\/2024\/02\/beautiful-young-woman-getting-botox-cosmetic-injection-her-face-300x200.jpg 300w, https:\/\/4ever-beautyland.de\/wp-content\/uploads\/2024\/02\/beautiful-young-woman-getting-botox-cosmetic-injection-her-face-768x512.jpg 768w, https:\/\/4ever-beautyland.de\/wp-content\/uploads\/2024\/02\/beautiful-young-woman-getting-botox-cosmetic-injection-her-face-1536x1024.jpg 1536w, https:\/\/4ever-beautyland.de\/wp-content\/uploads\/2024\/02\/beautiful-young-woman-getting-botox-cosmetic-injection-her-face-2048x1365.jpg 2048w, https:\/\/4ever-beautyland.de\/wp-content\/uploads\/2024\/02\/beautiful-young-woman-getting-botox-cosmetic-injection-her-face-600x400.jpg 600w\" sizes=\"(max-width: 525px) 100vw, 525px\" \/>\t\t\t\t\t\t\t\t\t\t\t\t\t\t\t<\/div>\n\t\t\t\t<\/div>\n\t\t\t\t\t<\/div>\n\t\t<\/div>\n\t\t\t\t\t<\/div>\n\t\t<\/div>\n\t\t\t\t<div class=\"elementor-section elementor-inner-section elementor-element elementor-element-9c6cf1e elementor-section-boxed elementor-section-height-default elementor-section-height-default\" data-id=\"9c6cf1e\" data-element_type=\"section\">\n\t\t\t\t\t\t<div class=\"elementor-container elementor-column-gap-default\">\n\t\t\t\t\t<div class=\"elementor-column elementor-col-50 elementor-inner-column elementor-element elementor-element-e18692f\" data-id=\"e18692f\" data-element_type=\"column\">\n\t\t\t<div class=\"elementor-widget-wrap elementor-element-populated\">\n\t\t\t\t\t\t<div class=\"elementor-element elementor-element-ca363b6 elementor-widget elementor-widget-text-editor\" data-id=\"ca363b6\" data-element_type=\"widget\" data-widget_type=\"text-editor.default\">\n\t\t\t\t<div class=\"elementor-widget-container\">\n\t\t\t\t\t\t\t\t\t<p>\u00dcberlege gut, bevor du dich f\u00fcr ein Augenbrauen-Tattoo entscheidest. Ein solches Permanent-Make-up bleibt dir \u00fcber Jahre erhalten. Die gew\u00e4hlte Form deiner Augenbrauen sollte daher perfekt mit den Konturen deines Gesichts harmonieren. Dies sind wichtige Punkte, die du im Hinterkopf behalten\u00a0solltest.<\/p>\t\t\t\t\t\t\t\t<\/div>\n\t\t\t\t<\/div>\n\t\t\t\t\t<\/div>\n\t\t<\/div>\n\t\t\t\t<div class=\"elementor-column elementor-col-50 elementor-inner-column elementor-element elementor-element-e3525d9 elementor-hidden-tablet elementor-hidden-mobile\" data-id=\"e3525d9\" data-element_type=\"column\">\n\t\t\t<div class=\"elementor-widget-wrap elementor-element-populated\">\n\t\t\t\t\t\t<div class=\"elementor-element elementor-element-f608e3b elementor-widget elementor-widget-image\" data-id=\"f608e3b\" data-element_type=\"widget\" data-widget_type=\"image.default\">\n\t\t\t\t<div class=\"elementor-widget-container\">\n\t\t\t\t\t\t\t\t\t\t\t\t\t\t\t<img fetchpriority=\"high\" decoding=\"async\" width=\"525\" height=\"350\" src=\"https:\/\/4ever-beautyland.de\/wp-content\/uploads\/2024\/02\/beautiful-young-woman-getting-botox-cosmetic-injection-her-face-1024x683.jpg\" class=\"attachment-large size-large wp-image-17264\" alt=\"\" srcset=\"https:\/\/4ever-beautyland.de\/wp-content\/uploads\/2024\/02\/beautiful-young-woman-getting-botox-cosmetic-injection-her-face-1024x683.jpg 1024w, https:\/\/4ever-beautyland.de\/wp-content\/uploads\/2024\/02\/beautiful-young-woman-getting-botox-cosmetic-injection-her-face-300x200.jpg 300w, https:\/\/4ever-beautyland.de\/wp-content\/uploads\/2024\/02\/beautiful-young-woman-getting-botox-cosmetic-injection-her-face-768x512.jpg 768w, https:\/\/4ever-beautyland.de\/wp-content\/uploads\/2024\/02\/beautiful-young-woman-getting-botox-cosmetic-injection-her-face-1536x1024.jpg 1536w, https:\/\/4ever-beautyland.de\/wp-content\/uploads\/2024\/02\/beautiful-young-woman-getting-botox-cosmetic-injection-her-face-2048x1365.jpg 2048w, https:\/\/4ever-beautyland.de\/wp-content\/uploads\/2024\/02\/beautiful-young-woman-getting-botox-cosmetic-injection-her-face-600x400.jpg 600w\" sizes=\"(max-width: 525px) 100vw, 525px\" \/>\t\t\t\t\t\t\t\t\t\t\t\t\t\t\t<\/div>\n\t\t\t\t<\/div>\n\t\t\t\t\t<\/div>\n\t\t<\/div>\n\t\t\t\t\t<\/div>\n\t\t<\/div>\n\t\t\t\t<div class=\"elementor-section elementor-inner-section elementor-element elementor-element-dd3b165 elementor-reverse-tablet elementor-reverse-mobile elementor-section-boxed elementor-section-height-default elementor-section-height-default\" data-id=\"dd3b165\" data-element_type=\"section\" data-settings=\"{&quot;background_background&quot;:&quot;classic&quot;}\">\n\t\t\t\t\t\t\t<div class=\"elementor-background-overlay\"><\/div>\n\t\t\t\t\t\t\t<div class=\"elementor-container elementor-column-gap-default\">\n\t\t\t\t\t<div class=\"elementor-column elementor-col-33 elementor-inner-column elementor-element elementor-element-b94bee5 elementor-hidden-tablet elementor-hidden-mobile\" data-id=\"b94bee5\" data-element_type=\"column\">\n\t\t\t<div class=\"elementor-widget-wrap elementor-element-populated\">\n\t\t\t\t\t\t<div class=\"elementor-element elementor-element-17222ae elementor-widget elementor-widget-image\" data-id=\"17222ae\" data-element_type=\"widget\" data-widget_type=\"image.default\">\n\t\t\t\t<div class=\"elementor-widget-container\">\n\t\t\t\t\t\t\t\t\t\t\t\t\t\t\t<img decoding=\"async\" src=\"https:\/\/medicate.peacefulqode.com\/wp-content\/uploads\/2022\/03\/from-img-png-2.png\" title=\"\" alt=\"\" loading=\"lazy\" \/>\t\t\t\t\t\t\t\t\t\t\t\t\t\t\t<\/div>\n\t\t\t\t<\/div>\n\t\t\t\t\t<\/div>\n\t\t<\/div>\n\t\t\t\t<div class=\"elementor-column elementor-col-66 elementor-inner-column elementor-element elementor-element-729355b\" data-id=\"729355b\" data-element_type=\"column\">\n\t\t\t<div class=\"elementor-widget-wrap elementor-element-populated\">\n\t\t\t\t\t\t<div class=\"elementor-element elementor-element-f8c3273 elementor-widget elementor-widget-section-title\" data-id=\"f8c3273\" data-element_type=\"widget\" data-widget_type=\"section-title.default\">\n\t\t\t\t<div class=\"elementor-widget-container\">\n\t\t\t\t\t<div class=\"pt-section pt-style-1 text-\">\r\n\t\t\r\n   \t\t \r\n   \t\t<span class=\"pt-section-sub-title\">Termin Buchen<\/span>\r\n   \t   \t\t\t   <h5 class=\"pt-section-title\" >Sie k\u00f6nnen jetzt einen Termin buchen.<\/h5>\r\n\t\t\t\r\n<\/div>\t\t\t\t<\/div>\n\t\t\t\t<\/div>\n\t\t\t\t<div class=\"elementor-element elementor-element-df29daa elementor-invisible elementor-widget elementor-widget-Button\" data-id=\"df29daa\" data-element_type=\"widget\" data-settings=\"{&quot;_animation&quot;:&quot;bounceIn&quot;}\" data-widget_type=\"Button.default\">\n\t\t\t\t<div class=\"elementor-widget-container\">\n\t\t\t\t\t\r\n\r\n  <div class=\"pt-btn-container\">\r\n        <a class=\"pt-button pt-button-flat\" href=\"https:\/\/4ever-beautyland.de\/termin-buchen\/\">\r\n          <div class=\"pt-button-block\">\r\n          <span class=\"pt-button-text\">Jetzt Termin Buchen<\/span>\r\n            <i class=\"ion ion-plus-round\"><\/i>\r\n          <\/div>\r\n        <\/a>\r\n  <\/div>\r\n\r\n\t\t\t\t<\/div>\n\t\t\t\t<\/div>\n\t\t\t\t\t<\/div>\n\t\t<\/div>\n\t\t\t\t\t<\/div>\n\t\t<\/div>\n\t\t\t\t<div class=\"elementor-section elementor-inner-section elementor-element elementor-element-b7314df elementor-section-boxed elementor-section-height-default elementor-section-height-default\" data-id=\"b7314df\" data-element_type=\"section\">\n\t\t\t\t\t\t<div class=\"elementor-container elementor-column-gap-default\">\n\t\t\t\t\t<div class=\"elementor-column elementor-col-100 elementor-inner-column elementor-element elementor-element-aa92f5a\" data-id=\"aa92f5a\" data-element_type=\"column\">\n\t\t\t<div class=\"elementor-widget-wrap elementor-element-populated\">\n\t\t\t\t\t\t<div class=\"elementor-element elementor-element-22c1f87 elementor-widget elementor-widget-text-editor\" data-id=\"22c1f87\" data-element_type=\"widget\" data-widget_type=\"text-editor.default\">\n\t\t\t\t<div class=\"elementor-widget-container\">\n\t\t\t\t\t\t\t\t\t<p>Das T\u00e4towieren der Augenbrauen geschieht klassisch mit einem Pigmentierger\u00e4t in einem Kosmetikstudio. Es ist eine Art von Permanent-Make-up, dessen Farbe etwa anderthalb Jahre h\u00e4lt und dann allm\u00e4hlich verblasst.<\/p><p><strong>Augenbrauen-Tattoo: M\u00f6gliche Risiken<\/strong><br \/>Beim T\u00e4towieren k\u00f6nnen die allgemeinen Risiken wie Infektionskrankheiten (z.B. Hepatitis oder HIV), Hautentz\u00fcndungen bis hin zu Narbenbildung auftreten, da die feinen Stiche Wunden in der Haut hinterlassen. Auch allergische Reaktionen auf die Farbe sind m\u00f6glich. Da die Nadeln manuell gesetzt werden, k\u00f6nnen Fehler bei der Platzierung entstehen, was zu asymmetrischen oder ungleichm\u00e4\u00dfigen Linien f\u00fchren kann. Bei der Farbwahl ist Vorsicht geboten, da das Ergebnis auf verschiedenen Hauttypen unterschiedlich ausfallen kann, abh\u00e4ngig von Hautstoffwechsel und -struktur. Eine erfahrene Kosmetikerin kann das jedoch gut einsch\u00e4tzen.<\/p><p><b>Vorbereitung:<\/b><\/p><p>Vor dem T\u00e4towieren solltest du mit deiner Kosmetikerin die Form deiner Augenbrauen genau abstimmen. Sie wird die Form vorab mit einem Stift aufzeichnen \u2013 nimm dir Zeit f\u00fcr diesen Schritt. Vermeide vor dem Eingriff blutverd\u00fcnnende Medikamente, Kaffee oder Alkohol, da diese Blutungen verst\u00e4rken und das Farbergebnis beeinflussen k\u00f6nnen.<\/p><p><b>Schmerzen?<\/b><br \/>Unter lokaler Bet\u00e4ubung werden die Pigmente mit feinen Nadeln in die Haut eingebracht, daher solltest du w\u00e4hrend der Behandlung keine Schmerzen sp\u00fcren, h\u00f6chstens ein leichtes Kribbeln. Nach dem Pigmentieren k\u00f6nnen Schwellungen auftreten, die durch K\u00fchlung schnell nachlassen. Arnikasalbe kann die Heilung unterst\u00fctzen und ist besonders angenehm, wenn sie gek\u00fchlt aufgetragen wird. Es gibt spezielle Tattoo-Pflegeprodukte, die die Haut mit Panthenol, Allantoin und Bisabolol beruhigen. Achte darauf, dass diese Produkte frei von Parf\u00fcm, Konservierungsstoffen und Mikroplastik sind, um Entz\u00fcndungen der sensibilisierten Haut\u00a0zu\u00a0vermeiden.<\/p>\t\t\t\t\t\t\t\t<\/div>\n\t\t\t\t<\/div>\n\t\t\t\t\t<\/div>\n\t\t<\/div>\n\t\t\t\t\t<\/div>\n\t\t<\/div>\n\t\t\t\t\t<\/div>\n\t\t<\/div>\n\t\t\t\t\t<\/div>\n\t\t<\/div>\n\t\t\t\t<\/div>\n\t\t","protected":false},"excerpt":{"rendered":"<p>\u0627\u0644\u0639\u0648\u062f\u0629 \u0625\u0644\u0649 \u0627\u0644\u0635\u0641\u062d\u0629 \u0627\u0644\u0631\u0626\u064a\u0633\u064a\u0629 Botox-Behandlung Jung und strahlend ohne Falten \u00dcberlege gut, bevor du dich f\u00fcr ein Augenbrauen-Tattoo entscheidest. Ein solches Permanent-Make-up bleibt dir \u00fcber Jahre erhalten. Die gew\u00e4hlte Form deiner Augenbrauen sollte daher perfekt mit den Konturen deines Gesichts harmonieren. Dies sind wichtige Punkte, die du im Hinterkopf behalten\u00a0solltest. Termin Buchen Sie k\u00f6nnen jetzt [&hellip;]<\/p>\n","protected":false},"author":32,"featured_media":0,"parent":0,"menu_order":0,"comment_status":"closed","ping_status":"closed","template":"","meta":{"_acf_changed":false,"inline_featured_image":false,"footnotes":""},"class_list":["post-21777","page","type-page","status-publish","hentry"],"acf":[],"_links":{"self":[{"href":"https:\/\/4ever-beautyland.de\/ar\/wp-json\/wp\/v2\/pages\/21777","targetHints":{"allow":["GET"]}}],"collection":[{"href":"https:\/\/4ever-beautyland.de\/ar\/wp-json\/wp\/v2\/pages"}],"about":[{"href":"https:\/\/4ever-beautyland.de\/ar\/wp-json\/wp\/v2\/types\/page"}],"author":[{"embeddable":true,"href":"https:\/\/4ever-beautyland.de\/ar\/wp-json\/wp\/v2\/users\/32"}],"replies":[{"embeddable":true,"href":"https:\/\/4ever-beautyland.de\/ar\/wp-json\/wp\/v2\/comments?post=21777"}],"version-history":[{"count":4,"href":"https:\/\/4ever-beautyland.de\/ar\/wp-json\/wp\/v2\/pages\/21777\/revisions"}],"predecessor-version":[{"id":21781,"href":"https:\/\/4ever-beautyland.de\/ar\/wp-json\/wp\/v2\/pages\/21777\/revisions\/21781"}],"wp:attachment":[{"href":"https:\/\/4ever-beautyland.de\/ar\/wp-json\/wp\/v2\/media?parent=21777"}],"curies":[{"name":"wp","href":"https:\/\/api.w.org\/{rel}","templated":true}]}}